{"id":2,"date":"2023-05-13T13:18:38","date_gmt":"2023-05-13T11:18:38","guid":{"rendered":"http:\/\/www.intergalactiques.fr\/?page_id=2"},"modified":"2023-05-20T15:24:28","modified_gmt":"2023-05-20T13:24:28","slug":"page-d-exemple","status":"publish","type":"page","link":"https:\/\/www.intergalactiques.fr\/index.php\/page-d-exemple\/","title":{"rendered":"La micro-Laiterie"},"content":{"rendered":"\n<p>La micro-laiterie Intergalactiques propose des produits laitiers frais artisanaux, fabriqu\u00e9s avec soin et amour !<\/p>\n\n\n\n<p>Les yaourts sont confectionn\u00e9s \u00e0 partir du lait de la ferme de la m\u00fbre, directement sur place, \u00e0 Biol en Is\u00e8re (38). Le lait est ainsi transform\u00e9 au plus pr\u00e8s du lieu de production, sans n\u00e9cessiter de transport routier ou de stockage. La ferme de la m\u00fbre est certifi\u00e9e agriculture biologique et engag\u00e9e dans une d\u00e9marche d\u2019agroforesterie.<\/p>\n\n\n\n<p>Intergalactiques est une petite structure de production, ce qui permet de porter une attention particuli\u00e8re \u00e0 chaque produit afin garantir au mieux un niveau de qualit\u00e9 et de tra\u00e7abilit\u00e9 \u00e9lev\u00e9.<\/p>\n\n\n\n<p>Les produits sont uniquement commercialis\u00e9s en local, dans un rayon de moins de 80km, directement au consommateur qui peut collecter sa commande dans un point de distribution.<\/p>\n","protected":false},"excerpt":{"rendered":"<p>La micro-laiterie Intergalactiques propose des produits laitiers frais artisanaux, fabriqu\u00e9s avec soin et amour ! Les yaourts sont confectionn\u00e9s \u00e0 partir du lait de la ferme de la m\u00fbre, directement sur place, \u00e0 Biol en Is\u00e8re (38). Le lait est ainsi transform\u00e9 au plus pr\u00e8s du lieu de production, sans n\u00e9cessiter de transport routier ou [&hellip;]<\/p>\n","protected":false},"author":1,"featured_media":0,"parent":0,"menu_order":0,"comment_status":"closed","ping_status":"open","template":"","meta":{"site-sidebar-layout":"default","site-content-layout":"","ast-site-content-layout":"default","site-content-style":"default","site-sidebar-style":"default","ast-global-header-display":"","ast-banner-title-visibility":"","ast-main-header-display":"","ast-hfb-above-header-display":"","ast-hfb-below-header-display":"","ast-hfb-mobile-header-display":"","site-post-title":"","ast-breadcrumbs-content":"","ast-featured-img":"","footer-sml-layout":"","ast-disable-related-posts":"","theme-transparent-header-meta":"","adv-header-id-meta":"","stick-header-meta":"","header-above-stick-meta":"","header-main-stick-meta":"","header-below-stick-meta":"","astra-migrate-meta-layouts":"default","ast-page-background-enabled":"default","ast-page-background-meta":{"desktop":{"background-color":"var(--ast-global-color-4)","background-image":"","background-repeat":"repeat","background-position":"center center","background-size":"auto","background-attachment":"scroll","background-type":"","background-media":"","overlay-type":"","overlay-color":"","overlay-opacity":"","overlay-gradient":""},"tablet":{"background-color":"","background-image":"","background-repeat":"repeat","background-position":"center center","background-size":"auto","background-attachment":"scroll","background-type":"","background-media":"","overlay-type":"","overlay-color":"","overlay-opacity":"","overlay-gradient":""},"mobile":{"background-color":"","background-image":"","background-repeat":"repeat","background-position":"center center","background-size":"auto","background-attachment":"scroll","background-type":"","background-media":"","overlay-type":"","overlay-color":"","overlay-opacity":"","overlay-gradient":""}},"ast-content-background-meta":{"desktop":{"background-color":"var(--ast-global-color-5)","background-image":"","background-repeat":"repeat","background-position":"center center","background-size":"auto","background-attachment":"scroll","background-type":"","background-media":"","overlay-type":"","overlay-color":"","overlay-opacity":"","overlay-gradient":""},"tablet":{"background-color":"var(--ast-global-color-5)","background-image":"","background-repeat":"repeat","background-position":"center center","background-size":"auto","background-attachment":"scroll","background-type":"","background-media":"","overlay-type":"","overlay-color":"","overlay-opacity":"","overlay-gradient":""},"mobile":{"background-color":"var(--ast-global-color-5)","background-image":"","background-repeat":"repeat","background-position":"center center","background-size":"auto","background-attachment":"scroll","background-type":"","background-media":"","overlay-type":"","overlay-color":"","overlay-opacity":"","overlay-gradient":""}},"footnotes":""},"class_list":["post-2","page","type-page","status-publish","hentry"],"yoast_head":"<!-- This site is optimized with the Yoast SEO plugin v27.3 - https:\/\/yoast.com\/product\/yoast-seo-wordpress\/ -->\n<title>Micro-Laiterie<\/title>\n<meta name=\"robots\" content=\"index, follow, max-snippet:-1, max-image-preview:large, max-video-preview:-1\" \/>\n<link rel=\"canonical\" href=\"https:\/\/www.intergalactiques.fr\/index.php\/page-d-exemple\/\" \/>\n<meta property=\"og:locale\" content=\"fr_FR\" \/>\n<meta property=\"og:type\" content=\"article\" \/>\n<meta property=\"og:title\" content=\"Micro-Laiterie\" \/>\n<meta property=\"og:description\" content=\"La micro-laiterie Intergalactiques propose des produits laitiers frais artisanaux, fabriqu\u00e9s avec soin et amour ! Les yaourts sont confectionn\u00e9s \u00e0 partir du lait de la ferme de la m\u00fbre, directement sur place, \u00e0 Biol en Is\u00e8re (38). Le lait est ainsi transform\u00e9 au plus pr\u00e8s du lieu de production, sans n\u00e9cessiter de transport routier ou [&hellip;]\" \/>\n<meta property=\"og:url\" content=\"https:\/\/www.intergalactiques.fr\/index.php\/page-d-exemple\/\" \/>\n<meta property=\"og:site_name\" content=\"Intergalactiques\" \/>\n<meta property=\"article:modified_time\" content=\"2023-05-20T13:24:28+00:00\" \/>\n<meta name=\"twitter:card\" content=\"summary_large_image\" \/>\n<meta name=\"twitter:label1\" content=\"Dur\u00e9e de lecture estim\u00e9e\" \/>\n\t<meta name=\"twitter:data1\" content=\"1 minute\" \/>\n<script type=\"application\/ld+json\" class=\"yoast-schema-graph\">{\"@context\":\"https:\\\/\\\/schema.org\",\"@graph\":[{\"@type\":\"WebPage\",\"@id\":\"https:\\\/\\\/www.intergalactiques.fr\\\/index.php\\\/page-d-exemple\\\/\",\"url\":\"https:\\\/\\\/www.intergalactiques.fr\\\/index.php\\\/page-d-exemple\\\/\",\"name\":\"Micro-Laiterie\",\"isPartOf\":{\"@id\":\"https:\\\/\\\/www.intergalactiques.fr\\\/#website\"},\"datePublished\":\"2023-05-13T11:18:38+00:00\",\"dateModified\":\"2023-05-20T13:24:28+00:00\",\"breadcrumb\":{\"@id\":\"https:\\\/\\\/www.intergalactiques.fr\\\/index.php\\\/page-d-exemple\\\/#breadcrumb\"},\"inLanguage\":\"fr-FR\",\"potentialAction\":[{\"@type\":\"ReadAction\",\"target\":[\"https:\\\/\\\/www.intergalactiques.fr\\\/index.php\\\/page-d-exemple\\\/\"]}]},{\"@type\":\"BreadcrumbList\",\"@id\":\"https:\\\/\\\/www.intergalactiques.fr\\\/index.php\\\/page-d-exemple\\\/#breadcrumb\",\"itemListElement\":[{\"@type\":\"ListItem\",\"position\":1,\"name\":\"Accueil\",\"item\":\"https:\\\/\\\/www.intergalactiques.fr\\\/\"},{\"@type\":\"ListItem\",\"position\":2,\"name\":\"La micro-Laiterie\"}]},{\"@type\":\"WebSite\",\"@id\":\"https:\\\/\\\/www.intergalactiques.fr\\\/#website\",\"url\":\"https:\\\/\\\/www.intergalactiques.fr\\\/\",\"name\":\"Intergalactiques\",\"description\":\"L&#039;amour est dans le pot\",\"publisher\":{\"@id\":\"https:\\\/\\\/www.intergalactiques.fr\\\/#organization\"},\"alternateName\":\"Micro-Laiterie\",\"potentialAction\":[{\"@type\":\"SearchAction\",\"target\":{\"@type\":\"EntryPoint\",\"urlTemplate\":\"https:\\\/\\\/www.intergalactiques.fr\\\/?s={search_term_string}\"},\"query-input\":{\"@type\":\"PropertyValueSpecification\",\"valueRequired\":true,\"valueName\":\"search_term_string\"}}],\"inLanguage\":\"fr-FR\"},{\"@type\":\"Organization\",\"@id\":\"https:\\\/\\\/www.intergalactiques.fr\\\/#organization\",\"name\":\"Intergalactiques\",\"alternateName\":\"Micro-Laiterie Interglactiques\",\"url\":\"https:\\\/\\\/www.intergalactiques.fr\\\/\",\"logo\":{\"@type\":\"ImageObject\",\"inLanguage\":\"fr-FR\",\"@id\":\"https:\\\/\\\/www.intergalactiques.fr\\\/#\\\/schema\\\/logo\\\/image\\\/\",\"url\":\"https:\\\/\\\/i0.wp.com\\\/www.intergalactiques.fr\\\/wp-content\\\/uploads\\\/2023\\\/05\\\/cropped-INTERGALACTIQUES-BLUE-scaled-1.jpg?fit=512%2C512&ssl=1\",\"contentUrl\":\"https:\\\/\\\/i0.wp.com\\\/www.intergalactiques.fr\\\/wp-content\\\/uploads\\\/2023\\\/05\\\/cropped-INTERGALACTIQUES-BLUE-scaled-1.jpg?fit=512%2C512&ssl=1\",\"width\":512,\"height\":512,\"caption\":\"Intergalactiques\"},\"image\":{\"@id\":\"https:\\\/\\\/www.intergalactiques.fr\\\/#\\\/schema\\\/logo\\\/image\\\/\"}}]}<\/script>\n<!-- \/ Yoast SEO plugin. -->","yoast_head_json":{"title":"Micro-Laiterie","robots":{"index":"index","follow":"follow","max-snippet":"max-snippet:-1","max-image-preview":"max-image-preview:large","max-video-preview":"max-video-preview:-1"},"canonical":"https:\/\/www.intergalactiques.fr\/index.php\/page-d-exemple\/","og_locale":"fr_FR","og_type":"article","og_title":"Micro-Laiterie","og_description":"La micro-laiterie Intergalactiques propose des produits laitiers frais artisanaux, fabriqu\u00e9s avec soin et amour ! Les yaourts sont confectionn\u00e9s \u00e0 partir du lait de la ferme de la m\u00fbre, directement sur place, \u00e0 Biol en Is\u00e8re (38). Le lait est ainsi transform\u00e9 au plus pr\u00e8s du lieu de production, sans n\u00e9cessiter de transport routier ou [&hellip;]","og_url":"https:\/\/www.intergalactiques.fr\/index.php\/page-d-exemple\/","og_site_name":"Intergalactiques","article_modified_time":"2023-05-20T13:24:28+00:00","twitter_card":"summary_large_image","twitter_misc":{"Dur\u00e9e de lecture estim\u00e9e":"1 minute"},"schema":{"@context":"https:\/\/schema.org","@graph":[{"@type":"WebPage","@id":"https:\/\/www.intergalactiques.fr\/index.php\/page-d-exemple\/","url":"https:\/\/www.intergalactiques.fr\/index.php\/page-d-exemple\/","name":"Micro-Laiterie","isPartOf":{"@id":"https:\/\/www.intergalactiques.fr\/#website"},"datePublished":"2023-05-13T11:18:38+00:00","dateModified":"2023-05-20T13:24:28+00:00","breadcrumb":{"@id":"https:\/\/www.intergalactiques.fr\/index.php\/page-d-exemple\/#breadcrumb"},"inLanguage":"fr-FR","potentialAction":[{"@type":"ReadAction","target":["https:\/\/www.intergalactiques.fr\/index.php\/page-d-exemple\/"]}]},{"@type":"BreadcrumbList","@id":"https:\/\/www.intergalactiques.fr\/index.php\/page-d-exemple\/#breadcrumb","itemListElement":[{"@type":"ListItem","position":1,"name":"Accueil","item":"https:\/\/www.intergalactiques.fr\/"},{"@type":"ListItem","position":2,"name":"La micro-Laiterie"}]},{"@type":"WebSite","@id":"https:\/\/www.intergalactiques.fr\/#website","url":"https:\/\/www.intergalactiques.fr\/","name":"Intergalactiques","description":"L&#039;amour est dans le pot","publisher":{"@id":"https:\/\/www.intergalactiques.fr\/#organization"},"alternateName":"Micro-Laiterie","potentialAction":[{"@type":"SearchAction","target":{"@type":"EntryPoint","urlTemplate":"https:\/\/www.intergalactiques.fr\/?s={search_term_string}"},"query-input":{"@type":"PropertyValueSpecification","valueRequired":true,"valueName":"search_term_string"}}],"inLanguage":"fr-FR"},{"@type":"Organization","@id":"https:\/\/www.intergalactiques.fr\/#organization","name":"Intergalactiques","alternateName":"Micro-Laiterie Interglactiques","url":"https:\/\/www.intergalactiques.fr\/","logo":{"@type":"ImageObject","inLanguage":"fr-FR","@id":"https:\/\/www.intergalactiques.fr\/#\/schema\/logo\/image\/","url":"https:\/\/i0.wp.com\/www.intergalactiques.fr\/wp-content\/uploads\/2023\/05\/cropped-INTERGALACTIQUES-BLUE-scaled-1.jpg?fit=512%2C512&ssl=1","contentUrl":"https:\/\/i0.wp.com\/www.intergalactiques.fr\/wp-content\/uploads\/2023\/05\/cropped-INTERGALACTIQUES-BLUE-scaled-1.jpg?fit=512%2C512&ssl=1","width":512,"height":512,"caption":"Intergalactiques"},"image":{"@id":"https:\/\/www.intergalactiques.fr\/#\/schema\/logo\/image\/"}}]}},"jetpack_sharing_enabled":true,"_links":{"self":[{"href":"https:\/\/www.intergalactiques.fr\/index.php\/wp-json\/wp\/v2\/pages\/2","targetHints":{"allow":["GET"]}}],"collection":[{"href":"https:\/\/www.intergalactiques.fr\/index.php\/wp-json\/wp\/v2\/pages"}],"about":[{"href":"https:\/\/www.intergalactiques.fr\/index.php\/wp-json\/wp\/v2\/types\/page"}],"author":[{"embeddable":true,"href":"https:\/\/www.intergalactiques.fr\/index.php\/wp-json\/wp\/v2\/users\/1"}],"replies":[{"embeddable":true,"href":"https:\/\/www.intergalactiques.fr\/index.php\/wp-json\/wp\/v2\/comments?post=2"}],"version-history":[{"count":1,"href":"https:\/\/www.intergalactiques.fr\/index.php\/wp-json\/wp\/v2\/pages\/2\/revisions"}],"predecessor-version":[{"id":41,"href":"https:\/\/www.intergalactiques.fr\/index.php\/wp-json\/wp\/v2\/pages\/2\/revisions\/41"}],"wp:attachment":[{"href":"https:\/\/www.intergalactiques.fr\/index.php\/wp-json\/wp\/v2\/media?parent=2"}],"curies":[{"name":"wp","href":"https:\/\/api.w.org\/{rel}","templated":true}]}}