{"id":160,"date":"2023-05-21T21:09:10","date_gmt":"2023-05-21T19:09:10","guid":{"rendered":"https:\/\/www.intergalactiques.fr\/?page_id=160"},"modified":"2023-05-21T21:09:12","modified_gmt":"2023-05-21T19:09:12","slug":"lentreprise-intergalctiques","status":"publish","type":"page","link":"https:\/\/www.intergalactiques.fr\/index.php\/lentreprise-intergalctiques\/","title":{"rendered":"L&rsquo;entreprise Intergalctiques"},"content":{"rendered":"\n<p>L\u2019entreprise Intergalactiques est une entreprise enregistr\u00e9e au registre des m\u00e9tiers sous le num\u00e9ro 899 111 751 RM 69. Elle b\u00e9n\u00e9ficie de la mention \u00ab&nbsp;artisan&nbsp;\u00bb.<\/p>\n\n\n\n<p>Elle est dirig\u00e9e par Nicolas Brunet et son si\u00e8ge social est situ\u00e9e 7 rue du lac 69003 Lyon.<\/p>\n\n\n\n<p>Vous pouvez nous joindre via le lien \u00ab&nbsp;contact&nbsp;\u00bb situ\u00e9 en bas de page.<\/p>\n\n\n\n<p>Ce site est h\u00e9berg\u00e9 par la SAS OVH, immatricul\u00e9e au RCS de Lille M\u00e9tropole 424 761 419 00045.<\/p>\n","protected":false},"excerpt":{"rendered":"<p>L\u2019entreprise Intergalactiques est une entreprise enregistr\u00e9e au registre des m\u00e9tiers sous le num\u00e9ro 899 111 751 RM 69. Elle b\u00e9n\u00e9ficie de la mention \u00ab&nbsp;artisan&nbsp;\u00bb. Elle est dirig\u00e9e par Nicolas Brunet et son si\u00e8ge social est situ\u00e9e 7 rue du lac 69003 Lyon. Vous pouvez nous joindre via le lien \u00ab&nbsp;contact&nbsp;\u00bb situ\u00e9 en bas de page. [&hellip;]<\/p>\n","protected":false},"author":1,"featured_media":0,"parent":0,"menu_order":0,"comment_status":"closed","ping_status":"closed","template":"","meta":{"site-sidebar-layout":"default","site-content-layout":"","ast-site-content-layout":"default","site-content-style":"default","site-sidebar-style":"default","ast-global-header-display":"","ast-banner-title-visibility":"","ast-main-header-display":"","ast-hfb-above-header-display":"","ast-hfb-below-header-display":"","ast-hfb-mobile-header-display":"","site-post-title":"","ast-breadcrumbs-content":"","ast-featured-img":"","footer-sml-layout":"","ast-disable-related-posts":"","theme-transparent-header-meta":"","adv-header-id-meta":"","stick-header-meta":"","header-above-stick-meta":"","header-main-stick-meta":"","header-below-stick-meta":"","astra-migrate-meta-layouts":"default","ast-page-background-enabled":"default","ast-page-background-meta":{"desktop":{"background-color":"var(--ast-global-color-4)","background-image":"","background-repeat":"repeat","background-position":"center center","background-size":"auto","background-attachment":"scroll","background-type":"","background-media":"","overlay-type":"","overlay-color":"","overlay-opacity":"","overlay-gradient":""},"tablet":{"background-color":"","background-image":"","background-repeat":"repeat","background-position":"center center","background-size":"auto","background-attachment":"scroll","background-type":"","background-media":"","overlay-type":"","overlay-color":"","overlay-opacity":"","overlay-gradient":""},"mobile":{"background-color":"","background-image":"","background-repeat":"repeat","background-position":"center center","background-size":"auto","background-attachment":"scroll","background-type":"","background-media":"","overlay-type":"","overlay-color":"","overlay-opacity":"","overlay-gradient":""}},"ast-content-background-meta":{"desktop":{"background-color":"var(--ast-global-color-5)","background-image":"","background-repeat":"repeat","background-position":"center center","background-size":"auto","background-attachment":"scroll","background-type":"","background-media":"","overlay-type":"","overlay-color":"","overlay-opacity":"","overlay-gradient":""},"tablet":{"background-color":"var(--ast-global-color-5)","background-image":"","background-repeat":"repeat","background-position":"center center","background-size":"auto","background-attachment":"scroll","background-type":"","background-media":"","overlay-type":"","overlay-color":"","overlay-opacity":"","overlay-gradient":""},"mobile":{"background-color":"var(--ast-global-color-5)","background-image":"","background-repeat":"repeat","background-position":"center center","background-size":"auto","background-attachment":"scroll","background-type":"","background-media":"","overlay-type":"","overlay-color":"","overlay-opacity":"","overlay-gradient":""}},"footnotes":""},"class_list":["post-160","page","type-page","status-publish","hentry"],"yoast_head":"<!-- This site is optimized with the Yoast SEO plugin v27.3 - https:\/\/yoast.com\/product\/yoast-seo-wordpress\/ -->\n<title>Intergalactiques<\/title>\n<meta name=\"robots\" content=\"index, follow, max-snippet:-1, max-image-preview:large, max-video-preview:-1\" \/>\n<link rel=\"canonical\" href=\"https:\/\/www.intergalactiques.fr\/index.php\/lentreprise-intergalctiques\/\" \/>\n<meta property=\"og:locale\" content=\"fr_FR\" \/>\n<meta property=\"og:type\" content=\"article\" \/>\n<meta property=\"og:title\" content=\"Intergalactiques\" \/>\n<meta property=\"og:description\" content=\"L\u2019entreprise Intergalactiques est une entreprise enregistr\u00e9e au registre des m\u00e9tiers sous le num\u00e9ro 899 111 751 RM 69. Elle b\u00e9n\u00e9ficie de la mention \u00ab&nbsp;artisan&nbsp;\u00bb. Elle est dirig\u00e9e par Nicolas Brunet et son si\u00e8ge social est situ\u00e9e 7 rue du lac 69003 Lyon. Vous pouvez nous joindre via le lien \u00ab&nbsp;contact&nbsp;\u00bb situ\u00e9 en bas de page. [&hellip;]\" \/>\n<meta property=\"og:url\" content=\"https:\/\/www.intergalactiques.fr\/index.php\/lentreprise-intergalctiques\/\" \/>\n<meta property=\"og:site_name\" content=\"Intergalactiques\" \/>\n<meta property=\"article:modified_time\" content=\"2023-05-21T19:09:12+00:00\" \/>\n<meta name=\"twitter:card\" content=\"summary_large_image\" \/>\n<meta name=\"twitter:label1\" content=\"Dur\u00e9e de lecture estim\u00e9e\" \/>\n\t<meta name=\"twitter:data1\" content=\"1 minute\" \/>\n<script type=\"application\/ld+json\" class=\"yoast-schema-graph\">{\"@context\":\"https:\\\/\\\/schema.org\",\"@graph\":[{\"@type\":\"WebPage\",\"@id\":\"https:\\\/\\\/www.intergalactiques.fr\\\/index.php\\\/lentreprise-intergalctiques\\\/\",\"url\":\"https:\\\/\\\/www.intergalactiques.fr\\\/index.php\\\/lentreprise-intergalctiques\\\/\",\"name\":\"Intergalactiques\",\"isPartOf\":{\"@id\":\"https:\\\/\\\/www.intergalactiques.fr\\\/#website\"},\"datePublished\":\"2023-05-21T19:09:10+00:00\",\"dateModified\":\"2023-05-21T19:09:12+00:00\",\"breadcrumb\":{\"@id\":\"https:\\\/\\\/www.intergalactiques.fr\\\/index.php\\\/lentreprise-intergalctiques\\\/#breadcrumb\"},\"inLanguage\":\"fr-FR\",\"potentialAction\":[{\"@type\":\"ReadAction\",\"target\":[\"https:\\\/\\\/www.intergalactiques.fr\\\/index.php\\\/lentreprise-intergalctiques\\\/\"]}]},{\"@type\":\"BreadcrumbList\",\"@id\":\"https:\\\/\\\/www.intergalactiques.fr\\\/index.php\\\/lentreprise-intergalctiques\\\/#breadcrumb\",\"itemListElement\":[{\"@type\":\"ListItem\",\"position\":1,\"name\":\"Accueil\",\"item\":\"https:\\\/\\\/www.intergalactiques.fr\\\/\"},{\"@type\":\"ListItem\",\"position\":2,\"name\":\"L&rsquo;entreprise Intergalctiques\"}]},{\"@type\":\"WebSite\",\"@id\":\"https:\\\/\\\/www.intergalactiques.fr\\\/#website\",\"url\":\"https:\\\/\\\/www.intergalactiques.fr\\\/\",\"name\":\"Intergalactiques\",\"description\":\"L&#039;amour est dans le pot\",\"publisher\":{\"@id\":\"https:\\\/\\\/www.intergalactiques.fr\\\/#organization\"},\"alternateName\":\"Micro-Laiterie\",\"potentialAction\":[{\"@type\":\"SearchAction\",\"target\":{\"@type\":\"EntryPoint\",\"urlTemplate\":\"https:\\\/\\\/www.intergalactiques.fr\\\/?s={search_term_string}\"},\"query-input\":{\"@type\":\"PropertyValueSpecification\",\"valueRequired\":true,\"valueName\":\"search_term_string\"}}],\"inLanguage\":\"fr-FR\"},{\"@type\":\"Organization\",\"@id\":\"https:\\\/\\\/www.intergalactiques.fr\\\/#organization\",\"name\":\"Intergalactiques\",\"alternateName\":\"Micro-Laiterie Interglactiques\",\"url\":\"https:\\\/\\\/www.intergalactiques.fr\\\/\",\"logo\":{\"@type\":\"ImageObject\",\"inLanguage\":\"fr-FR\",\"@id\":\"https:\\\/\\\/www.intergalactiques.fr\\\/#\\\/schema\\\/logo\\\/image\\\/\",\"url\":\"https:\\\/\\\/i0.wp.com\\\/www.intergalactiques.fr\\\/wp-content\\\/uploads\\\/2023\\\/05\\\/cropped-INTERGALACTIQUES-BLUE-scaled-1.jpg?fit=512%2C512&ssl=1\",\"contentUrl\":\"https:\\\/\\\/i0.wp.com\\\/www.intergalactiques.fr\\\/wp-content\\\/uploads\\\/2023\\\/05\\\/cropped-INTERGALACTIQUES-BLUE-scaled-1.jpg?fit=512%2C512&ssl=1\",\"width\":512,\"height\":512,\"caption\":\"Intergalactiques\"},\"image\":{\"@id\":\"https:\\\/\\\/www.intergalactiques.fr\\\/#\\\/schema\\\/logo\\\/image\\\/\"}}]}<\/script>\n<!-- \/ Yoast SEO plugin. -->","yoast_head_json":{"title":"Intergalactiques","robots":{"index":"index","follow":"follow","max-snippet":"max-snippet:-1","max-image-preview":"max-image-preview:large","max-video-preview":"max-video-preview:-1"},"canonical":"https:\/\/www.intergalactiques.fr\/index.php\/lentreprise-intergalctiques\/","og_locale":"fr_FR","og_type":"article","og_title":"Intergalactiques","og_description":"L\u2019entreprise Intergalactiques est une entreprise enregistr\u00e9e au registre des m\u00e9tiers sous le num\u00e9ro 899 111 751 RM 69. Elle b\u00e9n\u00e9ficie de la mention \u00ab&nbsp;artisan&nbsp;\u00bb. Elle est dirig\u00e9e par Nicolas Brunet et son si\u00e8ge social est situ\u00e9e 7 rue du lac 69003 Lyon. Vous pouvez nous joindre via le lien \u00ab&nbsp;contact&nbsp;\u00bb situ\u00e9 en bas de page. [&hellip;]","og_url":"https:\/\/www.intergalactiques.fr\/index.php\/lentreprise-intergalctiques\/","og_site_name":"Intergalactiques","article_modified_time":"2023-05-21T19:09:12+00:00","twitter_card":"summary_large_image","twitter_misc":{"Dur\u00e9e de lecture estim\u00e9e":"1 minute"},"schema":{"@context":"https:\/\/schema.org","@graph":[{"@type":"WebPage","@id":"https:\/\/www.intergalactiques.fr\/index.php\/lentreprise-intergalctiques\/","url":"https:\/\/www.intergalactiques.fr\/index.php\/lentreprise-intergalctiques\/","name":"Intergalactiques","isPartOf":{"@id":"https:\/\/www.intergalactiques.fr\/#website"},"datePublished":"2023-05-21T19:09:10+00:00","dateModified":"2023-05-21T19:09:12+00:00","breadcrumb":{"@id":"https:\/\/www.intergalactiques.fr\/index.php\/lentreprise-intergalctiques\/#breadcrumb"},"inLanguage":"fr-FR","potentialAction":[{"@type":"ReadAction","target":["https:\/\/www.intergalactiques.fr\/index.php\/lentreprise-intergalctiques\/"]}]},{"@type":"BreadcrumbList","@id":"https:\/\/www.intergalactiques.fr\/index.php\/lentreprise-intergalctiques\/#breadcrumb","itemListElement":[{"@type":"ListItem","position":1,"name":"Accueil","item":"https:\/\/www.intergalactiques.fr\/"},{"@type":"ListItem","position":2,"name":"L&rsquo;entreprise Intergalctiques"}]},{"@type":"WebSite","@id":"https:\/\/www.intergalactiques.fr\/#website","url":"https:\/\/www.intergalactiques.fr\/","name":"Intergalactiques","description":"L&#039;amour est dans le pot","publisher":{"@id":"https:\/\/www.intergalactiques.fr\/#organization"},"alternateName":"Micro-Laiterie","potentialAction":[{"@type":"SearchAction","target":{"@type":"EntryPoint","urlTemplate":"https:\/\/www.intergalactiques.fr\/?s={search_term_string}"},"query-input":{"@type":"PropertyValueSpecification","valueRequired":true,"valueName":"search_term_string"}}],"inLanguage":"fr-FR"},{"@type":"Organization","@id":"https:\/\/www.intergalactiques.fr\/#organization","name":"Intergalactiques","alternateName":"Micro-Laiterie Interglactiques","url":"https:\/\/www.intergalactiques.fr\/","logo":{"@type":"ImageObject","inLanguage":"fr-FR","@id":"https:\/\/www.intergalactiques.fr\/#\/schema\/logo\/image\/","url":"https:\/\/i0.wp.com\/www.intergalactiques.fr\/wp-content\/uploads\/2023\/05\/cropped-INTERGALACTIQUES-BLUE-scaled-1.jpg?fit=512%2C512&ssl=1","contentUrl":"https:\/\/i0.wp.com\/www.intergalactiques.fr\/wp-content\/uploads\/2023\/05\/cropped-INTERGALACTIQUES-BLUE-scaled-1.jpg?fit=512%2C512&ssl=1","width":512,"height":512,"caption":"Intergalactiques"},"image":{"@id":"https:\/\/www.intergalactiques.fr\/#\/schema\/logo\/image\/"}}]}},"jetpack_sharing_enabled":true,"_links":{"self":[{"href":"https:\/\/www.intergalactiques.fr\/index.php\/wp-json\/wp\/v2\/pages\/160","targetHints":{"allow":["GET"]}}],"collection":[{"href":"https:\/\/www.intergalactiques.fr\/index.php\/wp-json\/wp\/v2\/pages"}],"about":[{"href":"https:\/\/www.intergalactiques.fr\/index.php\/wp-json\/wp\/v2\/types\/page"}],"author":[{"embeddable":true,"href":"https:\/\/www.intergalactiques.fr\/index.php\/wp-json\/wp\/v2\/users\/1"}],"replies":[{"embeddable":true,"href":"https:\/\/www.intergalactiques.fr\/index.php\/wp-json\/wp\/v2\/comments?post=160"}],"version-history":[{"count":1,"href":"https:\/\/www.intergalactiques.fr\/index.php\/wp-json\/wp\/v2\/pages\/160\/revisions"}],"predecessor-version":[{"id":161,"href":"https:\/\/www.intergalactiques.fr\/index.php\/wp-json\/wp\/v2\/pages\/160\/revisions\/161"}],"wp:attachment":[{"href":"https:\/\/www.intergalactiques.fr\/index.php\/wp-json\/wp\/v2\/media?parent=160"}],"curies":[{"name":"wp","href":"https:\/\/api.w.org\/{rel}","templated":true}]}}